{"id":69,"date":"2025-07-04T22:08:42","date_gmt":"2025-07-04T22:08:42","guid":{"rendered":"https:\/\/percymartinezlaw.com\/?page_id=69"},"modified":"2025-08-08T02:32:18","modified_gmt":"2025-08-08T02:32:18","slug":"en-los-medios-de-comunicacion","status":"publish","type":"page","link":"https:\/\/percymartinezlaw.com\/es\/en-los-medios-de-comunicacion\/","title":{"rendered":"En los medios de comunicaci\u00f3n"},"content":{"rendered":"<div class=\"wp-block-group alignfull has-global-padding is-layout-constrained wp-block-group-is-layout-constrained\">\n<section class=\"wp-block-group alignfull has-tertiary-background-color has-background has-global-padding is-layout-constrained wp-container-core-group-is-layout-8aea5c0f wp-block-group-is-layout-constrained\" style=\"margin-top:0;margin-bottom:0;padding-top:var(--wp--preset--spacing--xx-large);padding-right:var(--wp--preset--spacing--medium);padding-bottom:var(--wp--preset--spacing--xx-large);padding-left:var(--wp--preset--spacing--medium)\">\n<div class=\"wp-block-columns alignwide is-layout-flex wp-container-core-columns-is-layout-97d981de wp-block-columns-is-layout-flex\">\n<div class=\"wp-block-column is-vertically-aligned-stretch is-layout-flow wp-block-column-is-layout-flow\">\n<div class=\"wp-block-group alignwide is-vertical is-content-justification-stretch is-layout-flex wp-container-core-group-is-layout-f164607a wp-block-group-is-layout-flex\" style=\"min-height:100%\">\n<div class=\"wp-block-group alignwide ollie-row-stack has-global-padding is-layout-constrained wp-container-core-group-is-layout-f5f3bcb8 wp-block-group-is-layout-constrained\">\n<div class=\"wp-block-group is-nowrap is-layout-flex wp-container-core-group-is-layout-37505225 wp-block-group-is-layout-flex\">\n<div class=\"wp-block-outermost-icon-block\"><div class=\"icon-container has-icon-color has-primary-color\" style=\"color:#5A20FF;width:26px;transform:rotate(0deg) scaleX(1) scaleY(1)\"><svg viewbox=\"0 0 24 24\" xmlns=\"http:\/\/www.w3.org\/2000\/svg\" aria-hidden=\"true\"><path d=\"M18.7 3H5.3C4 3 3 4 3 5.3v13.4C3 20 4 21 5.3 21h13.4c1.3 0 2.3-1 2.3-2.3V5.3C21 4 20 3 18.7 3zm.8 15.7c0 .4-.4.8-.8.8H5.3c-.4 0-.8-.4-.8-.8V5.3c0-.4.4-.8.8-.8h13.4c.4 0 .8.4.8.8v13.4zM10 15l5-3-5-3v6z\"><\/path><\/svg><\/div><\/div>\n\n\n\n<p class=\"has-primary-color has-text-color has-link-color has-x-small-font-size wp-elements-e881ff31c541ce4b5bce717c32d84211\" style=\"font-style:normal;font-weight:600;text-transform:uppercase\">noticias y youtube<\/p>\n<\/div>\n\n\n\n<h1 class=\"wp-block-heading\" style=\"letter-spacing:-1px\">Percy Martinez en los medios<\/h1>\n\n\n\n<p class=\"has-secondary-color has-text-color has-link-color has-medium-font-size wp-elements-73ae6a11714fcc188467af55334d282c\">Una voz reconocida a nivel nacional sobre la seguridad del paciente y la negligencia m\u00e9dica, el abogado Percy Mart\u00ednez comparte ideas procesables con periodistas y audiencias a trav\u00e9s de la televisi\u00f3n, la radio y las plataformas digitales.<\/p>\n<\/div>\n\n\n\n<div class=\"wp-block-group has-global-padding is-content-justification-center is-layout-constrained wp-container-core-group-is-layout-6672fd73 wp-block-group-is-layout-constrained\">\n<p><strong>Destacado:<\/strong><\/p>\n\n\n\n<div class=\"wp-block-group is-layout-flex wp-container-core-group-is-layout-9c78680b wp-block-group-is-layout-flex\">\n<div class=\"wp-block-group is-nowrap is-layout-flex wp-container-core-group-is-layout-1b11d160 wp-block-group-is-layout-flex\">\n<figure class=\"wp-block-image size-full is-resized has-custom-border\"><img alt=\"\" loading=\"lazy\" decoding=\"async\" width=\"500\" height=\"500\" src=\"https:\/\/percymartinezlaw.com\/wp-content\/uploads\/2025\/07\/client-party-bash.webp\" class=\"wp-image-545\" style=\"border-radius:100px;aspect-ratio:1;object-fit:cover;width:60px\" srcset=\"https:\/\/percymartinezlaw.com\/wp-content\/uploads\/2025\/07\/client-party-bash.webp 500w, https:\/\/percymartinezlaw.com\/wp-content\/uploads\/2025\/07\/client-party-bash-300x300.webp 300w, https:\/\/percymartinezlaw.com\/wp-content\/uploads\/2025\/07\/client-party-bash-150x150.webp 150w\" sizes=\"auto, (max-width: 500px) 100vw, 500px\" \/><\/figure>\n\n\n\n<div class=\"wp-block-group has-global-padding is-layout-constrained wp-container-core-group-is-layout-e555385e wp-block-group-is-layout-constrained\">\n<p><strong>Percy Mart\u00ednez<\/strong><\/p>\n\n\n\n<p class=\"has-secondary-color has-text-color has-link-color wp-elements-d2b67acbc9edd0fe40f480c42d4cecfe\">Abogado<\/p>\n<\/div>\n<\/div>\n<\/div>\n<\/div>\n<\/div>\n<\/div>\n\n\n\n<div class=\"wp-block-column is-vertically-aligned-stretch is-style-default is-layout-flow wp-block-column-is-layout-flow\">\n<figure class=\"wp-block-image size-full has-custom-border\"><img alt=\"\" loading=\"lazy\" decoding=\"async\" width=\"554\" height=\"536\" src=\"https:\/\/percymartinezlaw.com\/wp-content\/uploads\/2025\/07\/percy-martinez-on-fox-news-giving-an-interview-3.webp\" class=\"wp-image-546\" style=\"border-radius:15px;aspect-ratio:1;object-fit:cover\" srcset=\"https:\/\/percymartinezlaw.com\/wp-content\/uploads\/2025\/07\/percy-martinez-on-fox-news-giving-an-interview-3.webp 554w, https:\/\/percymartinezlaw.com\/wp-content\/uploads\/2025\/07\/percy-martinez-on-fox-news-giving-an-interview-3-300x290.webp 300w\" sizes=\"auto, (max-width: 554px) 100vw, 554px\" \/><\/figure>\n<\/div>\n<\/div>\n\n\n\n<hr class=\"wp-block-separator alignwide has-text-color has-border-light-color has-alpha-channel-opacity has-border-light-background-color has-background is-style-separator-thin\"\/>\n\n\n\n<div class=\"wp-block-group alignwide is-content-justification-space-between is-layout-flex wp-container-core-group-is-layout-9366075c wp-block-group-is-layout-flex\">\n<p><strong>Hemos aparecido aqu\u00ed:<\/strong><\/p>\n\n\n\n<div class=\"wp-block-group alignwide is-content-justification-space-between is-layout-flex wp-container-core-group-is-layout-deb0ea98 wp-block-group-is-layout-flex\">\n<div class=\"wp-block-group has-global-padding is-layout-constrained wp-container-core-group-is-layout-262b52b5 wp-block-group-is-layout-constrained\">\n<figure class=\"wp-block-image size-full wp-duotone-unset-1\"><img alt=\"\" loading=\"lazy\" decoding=\"async\" width=\"184\" height=\"48\" src=\"https:\/\/percymartinezlaw.com\/wp-content\/uploads\/2025\/06\/fox-news-media-logo.webp\" class=\"wp-image-34\" style=\"object-fit:cover\"\/><\/figure>\n<\/div>\n\n\n\n<div class=\"wp-block-group has-global-padding is-layout-constrained wp-container-core-group-is-layout-68001113 wp-block-group-is-layout-constrained\">\n<figure class=\"wp-block-image size-full wp-duotone-unset-2\"><img alt=\"\" loading=\"lazy\" decoding=\"async\" width=\"184\" height=\"48\" src=\"https:\/\/percymartinezlaw.com\/wp-content\/uploads\/2025\/06\/logo-of-univision.webp\" class=\"wp-image-33\" style=\"object-fit:cover\"\/><\/figure>\n<\/div>\n\n\n\n<div class=\"wp-block-group has-global-padding is-layout-constrained wp-container-core-group-is-layout-64538f9c wp-block-group-is-layout-constrained\">\n<figure class=\"wp-block-image size-full wp-duotone-unset-3\"><img alt=\"\" loading=\"lazy\" decoding=\"async\" width=\"184\" height=\"48\" src=\"https:\/\/percymartinezlaw.com\/wp-content\/uploads\/2025\/06\/msnbc-logo.png.webp\" class=\"wp-image-32\" style=\"object-fit:cover\"\/><\/figure>\n<\/div>\n\n\n\n<div class=\"wp-block-group has-global-padding is-layout-constrained wp-container-core-group-is-layout-7ee2868b wp-block-group-is-layout-constrained\">\n<figure class=\"wp-block-image size-full wp-duotone-unset-4\"><img alt=\"\" loading=\"lazy\" decoding=\"async\" width=\"184\" height=\"48\" src=\"https:\/\/percymartinezlaw.com\/wp-content\/uploads\/2025\/06\/usa-today-logo.png.webp\" class=\"wp-image-31\" style=\"object-fit:cover\"\/><\/figure>\n<\/div>\n<\/div>\n<\/div>\n<\/section>\n\n\n\n<section class=\"wp-block-group alignfull has-primary-accent-background-color has-background has-global-padding is-layout-constrained wp-container-core-group-is-layout-8aea5c0f wp-block-group-is-layout-constrained\" style=\"margin-top:0;margin-bottom:0;padding-top:var(--wp--preset--spacing--xx-large);padding-right:var(--wp--preset--spacing--medium);padding-bottom:var(--wp--preset--spacing--xx-large);padding-left:var(--wp--preset--spacing--medium)\">\n<div class=\"wp-block-group alignwide is-content-justification-space-between is-layout-flex wp-container-core-group-is-layout-9366075c wp-block-group-is-layout-flex\">\n<div class=\"wp-block-group is-nowrap is-layout-flex wp-container-core-group-is-layout-950b23a9 wp-block-group-is-layout-flex\">\n<h2 class=\"wp-block-heading has-x-large-font-size\">Episodios destacados<\/h2>\n<\/div>\n\n\n\n<div class=\"wp-block-buttons is-layout-flex wp-block-buttons-is-layout-flex\">\n<div class=\"wp-block-button\"><a class=\"wp-block-button__link wp-element-button\" href=\"https:\/\/www.youtube.com\/c\/Percymartinezlaw\/videos\">Visite nuestro canal de Youtube<\/a><\/div>\n<\/div>\n<\/div>\n\n\n\n<div class=\"wp-block-group alignwide has-global-padding is-layout-constrained wp-container-core-group-is-layout-23cc8a20 wp-block-group-is-layout-constrained\">\n<div class=\"wp-block-columns alignwide is-layout-flex wp-container-core-columns-is-layout-5016e1a0 wp-block-columns-is-layout-flex\">\n<div class=\"wp-block-column is-vertically-aligned-stretch is-layout-flow wp-block-column-is-layout-flow\" style=\"flex-basis:40%\">\n<figure class=\"wp-block-embed is-type-video is-provider-youtube wp-block-embed-youtube wp-embed-aspect-4-3 wp-has-aspect-ratio\"><div class=\"wp-block-embed__wrapper\">\n<iframe loading=\"lazy\" title=\"60min Entrevista con Percy Martinez\" width=\"500\" height=\"375\" src=\"https:\/\/www.youtube.com\/embed\/B2GLuasIFmk?feature=oembed\" frameborder=\"0\" allow=\"accelerometer; autoplay; clipboard-write; encrypted-media; gyroscope; picture-in-picture; web-share\" referrerpolicy=\"strict-origin-when-cross-origin\" allowfullscreen><\/iframe>\n<\/div><\/figure>\n<\/div>\n\n\n\n<div class=\"wp-block-column is-vertically-aligned-center has-global-padding is-content-justification-left is-layout-constrained wp-container-core-column-is-layout-12dd3699 wp-block-column-is-layout-constrained\">\n<div class=\"wp-block-group alignwide is-layout-flow wp-container-core-group-is-layout-8a92f19b wp-block-group-is-layout-flow\">\n<div class=\"wp-block-group has-primary-color has-text-color has-link-color has-x-small-font-size wp-elements-6fb7db43e5adf8e3f416a9fd0669e924 is-nowrap is-layout-flex wp-container-core-group-is-layout-e088cbc5 wp-block-group-is-layout-flex\" style=\"font-style:normal;font-weight:600;text-transform:uppercase\">\n<p>60 minutos<\/p>\n\n\n\n<p><strong>-<\/strong><\/p>\n\n\n\n<p>Percy Mart\u00ednez<\/p>\n<\/div>\n\n\n\n<h3 class=\"wp-block-heading has-large-font-size\">Entrevista Stephen Kroft con Percy Martinez<\/h3>\n\n\n\n<p>En este v\u00eddeo, Kroft entrevista a Percy Mart\u00ednez sobre el enfoque que da a su experiencia jur\u00eddica, especialmente sobre c\u00f3mo construye casos y defiende a los clientes en Florida.<\/p>\n\n\n\n<div class=\"wp-block-buttons is-layout-flex wp-block-buttons-is-layout-flex\">\n<div class=\"wp-block-button\"><a class=\"wp-block-button__link has-primary-background-color has-background wp-element-button\" href=\"https:\/\/www.youtube.com\/watch?v=B2GLuasIFmk\">Vea el v\u00eddeo completo aqu\u00ed<\/a><\/div>\n<\/div>\n<\/div>\n<\/div>\n<\/div>\n\n\n\n<hr class=\"wp-block-separator alignwide has-text-color has-border-light-color has-alpha-channel-opacity has-border-light-background-color has-background is-style-separator-thin\"\/>\n\n\n\n<div class=\"wp-block-columns alignwide is-layout-flex wp-container-core-columns-is-layout-5016e1a0 wp-block-columns-is-layout-flex\">\n<div class=\"wp-block-column is-vertically-aligned-stretch is-layout-flow wp-block-column-is-layout-flow\" style=\"flex-basis:40%\">\n<figure class=\"wp-block-embed is-type-video is-provider-youtube wp-block-embed-youtube wp-embed-aspect-16-9 wp-has-aspect-ratio\"><div class=\"wp-block-embed__wrapper\">\n<iframe loading=\"lazy\" title=\"Jesus Meneses Caso de Homicidio Culposo Percy Martinez\" width=\"500\" height=\"281\" src=\"https:\/\/www.youtube.com\/embed\/vQVrQ38vBcQ?feature=oembed\" frameborder=\"0\" allow=\"accelerometer; autoplay; clipboard-write; encrypted-media; gyroscope; picture-in-picture; web-share\" referrerpolicy=\"strict-origin-when-cross-origin\" allowfullscreen><\/iframe>\n<\/div><\/figure>\n<\/div>\n\n\n\n<div class=\"wp-block-column is-vertically-aligned-center has-global-padding is-content-justification-left is-layout-constrained wp-container-core-column-is-layout-12dd3699 wp-block-column-is-layout-constrained\">\n<div class=\"wp-block-group alignwide is-layout-flow wp-container-core-group-is-layout-8a92f19b wp-block-group-is-layout-flow\">\n<div class=\"wp-block-group has-primary-color has-text-color has-link-color has-x-small-font-size wp-elements-316dbd13cfa65ea5fbd38bd347fd6290 is-nowrap is-layout-flex wp-container-core-group-is-layout-e088cbc5 wp-block-group-is-layout-flex\" style=\"font-style:normal;font-weight:600;text-transform:uppercase\">\n<p>Percy Mart\u00ednez<\/p>\n\n\n\n<p><strong>-<\/strong><\/p>\n\n\n\n<p>La familia Meneses<\/p>\n<\/div>\n\n\n\n<h3 class=\"wp-block-heading has-large-font-size\">Caso de muerte por negligencia de Jes\u00fas Meneses <\/h3>\n\n\n\n<p>Percy Mart\u00ednez presenta el caso de homicidio culposo de la familia Meneses y analiza la estrategia jur\u00eddica, la estructura del caso y la forma en que el contexto cultural influy\u00f3 en su gesti\u00f3n de este litigio en Florida.<\/p>\n<\/div>\n\n\n\n<div class=\"wp-block-buttons is-layout-flex wp-block-buttons-is-layout-flex\">\n<div class=\"wp-block-button\"><a class=\"wp-block-button__link has-primary-background-color has-background wp-element-button\" href=\"https:\/\/www.youtube.com\/watch?v=vQVrQ38vBcQ\">Vea el v\u00eddeo completo aqu\u00ed<\/a><\/div>\n<\/div>\n<\/div>\n<\/div>\n\n\n\n<hr class=\"wp-block-separator alignwide has-text-color has-border-light-color has-alpha-channel-opacity has-border-light-background-color has-background is-style-separator-thin\"\/>\n\n\n\n<div class=\"wp-block-columns alignwide is-layout-flex wp-container-core-columns-is-layout-5016e1a0 wp-block-columns-is-layout-flex\">\n<div class=\"wp-block-column is-vertically-aligned-stretch is-layout-flow wp-block-column-is-layout-flow\" style=\"flex-basis:40%\">\n<figure class=\"wp-block-embed is-type-video is-provider-youtube wp-block-embed-youtube wp-embed-aspect-16-9 wp-has-aspect-ratio\"><div class=\"wp-block-embed__wrapper\">\n<iframe loading=\"lazy\" title=\"Caso de Muerte Injusta de Dj Laz - Percy Martinez Miami, FL 33134\" width=\"500\" height=\"281\" src=\"https:\/\/www.youtube.com\/embed\/-WNDHK4jClI?feature=oembed\" frameborder=\"0\" allow=\"accelerometer; autoplay; clipboard-write; encrypted-media; gyroscope; picture-in-picture; web-share\" referrerpolicy=\"strict-origin-when-cross-origin\" allowfullscreen><\/iframe>\n<\/div><\/figure>\n<\/div>\n\n\n\n<div class=\"wp-block-column is-vertically-aligned-center has-global-padding is-content-justification-left is-layout-constrained wp-container-core-column-is-layout-12dd3699 wp-block-column-is-layout-constrained\">\n<div class=\"wp-block-group alignwide is-layout-flow wp-container-core-group-is-layout-8a92f19b wp-block-group-is-layout-flow\">\n<div class=\"wp-block-group has-primary-color has-text-color has-link-color has-x-small-font-size wp-elements-d0d43573d9cac5d5d8bc1a01aedfe9f6 is-nowrap is-layout-flex wp-container-core-group-is-layout-e088cbc5 wp-block-group-is-layout-flex\" style=\"font-style:normal;font-weight:600;text-transform:uppercase\">\n<p>Episodio 18<\/p>\n\n\n\n<p><strong>-<\/strong><\/p>\n\n\n\n<p>4 de marzo<\/p>\n\n\n\n<p><strong>-<\/strong><\/p>\n\n\n\n<p>44 Min<\/p>\n<\/div>\n\n\n\n<h3 class=\"wp-block-heading has-large-font-size\">Caso de muerte por negligencia de Dj Laz<\/h3>\n\n\n\n<p>\"All Things Considered\", Percy explica las lagunas diagn\u00f3sticas ocultas en la teleasistencia y las salvaguardias que las aseguradoras exigen discretamente antes de conceder la cobertura.<\/p>\n\n\n\n<div class=\"wp-block-buttons is-layout-flex wp-block-buttons-is-layout-flex\">\n<div class=\"wp-block-button\"><a class=\"wp-block-button__link has-primary-background-color has-background wp-element-button\" href=\"https:\/\/www.youtube.com\/watch?v=-WNDHK4jClI\">Vea el v\u00eddeo completo aqu\u00ed<\/a><\/div>\n<\/div>\n<\/div>\n<\/div>\n<\/div>\n<\/div>\n<\/section>\n\n\n\n<section class=\"wp-block-group alignfull has-tertiary-background-color has-background has-global-padding is-layout-constrained wp-container-core-group-is-layout-8aea5c0f wp-block-group-is-layout-constrained\" style=\"margin-top:0;margin-bottom:0;padding-top:var(--wp--preset--spacing--xx-large);padding-right:var(--wp--preset--spacing--medium);padding-bottom:var(--wp--preset--spacing--xx-large);padding-left:var(--wp--preset--spacing--medium)\">\n<div class=\"wp-block-group alignwide is-nowrap is-layout-flex wp-container-core-group-is-layout-950b23a9 wp-block-group-is-layout-flex\">\n<h2 class=\"wp-block-heading has-x-large-font-size\">Univision<\/h2>\n<\/div>\n\n\n\n<div class=\"wp-block-group alignwide has-global-padding is-layout-constrained wp-block-group-is-layout-constrained\">\n<div class=\"wp-block-columns alignwide is-layout-flex wp-container-core-columns-is-layout-28f84493 wp-block-columns-is-layout-flex\">\n<div class=\"wp-block-column is-vertically-aligned-stretch is-layout-flow wp-block-column-is-layout-flow\">\n<div class=\"wp-block-cover has-aspect-ratio\" style=\"border-radius:10px;min-height:100%;aspect-ratio:4\/3;min-height:unset;\"><img alt=\"\" loading=\"lazy\" decoding=\"async\" width=\"612\" height=\"477\" class=\"wp-block-cover__image-background wp-image-862 size-full\" src=\"https:\/\/percymartinezlaw.com\/wp-content\/uploads\/2025\/08\/Screenshot-2025-08-03-192635.webp\" data-object-fit=\"cover\" srcset=\"https:\/\/percymartinezlaw.com\/wp-content\/uploads\/2025\/08\/Screenshot-2025-08-03-192635.webp 612w, https:\/\/percymartinezlaw.com\/wp-content\/uploads\/2025\/08\/Screenshot-2025-08-03-192635-300x234.webp 300w\" sizes=\"auto, (max-width: 612px) 100vw, 612px\" \/><span aria-hidden=\"true\" class=\"wp-block-cover__background has-background-dim-0 has-background-dim\" style=\"background-color:#e1c6c4\"><\/span><div class=\"wp-block-cover__inner-container is-layout-flow wp-block-cover-is-layout-flow\">\n<p class=\"has-text-align-center\"><\/p>\n<\/div><\/div>\n<\/div>\n\n\n\n<div class=\"wp-block-column is-vertically-aligned-center is-layout-flow wp-block-column-is-layout-flow\">\n<div class=\"wp-block-group has-base-background-color has-background has-global-padding is-layout-constrained wp-container-core-group-is-layout-1c476759 wp-block-group-is-layout-constrained\" style=\"border-radius:10px;padding-top:var(--wp--preset--spacing--medium);padding-right:var(--wp--preset--spacing--large);padding-bottom:var(--wp--preset--spacing--medium);padding-left:var(--wp--preset--spacing--large)\">\n<h3 class=\"wp-block-heading has-large-font-size\">Percy Mart\u00ednez, Esq.<\/h3>\n\n\n\n<p><strong>\"Es muy dif\u00edcil aceptar casos de mala praxis porque los m\u00e9dicos no tienen seguro\", dice un abogado.<\/strong><\/p>\n\n\n\n<p><br>El abogado Percy Mart\u00ednez, experto en casos de negligencia m\u00e9dica, dice que recibe al menos diez de estos casos cada semana, pero prefiere no aceptarlos porque sabe que las probabilidades est\u00e1n en su contra.<\/p>\n\n\n\n<div class=\"wp-block-buttons is-layout-flex wp-block-buttons-is-layout-flex\">\n<div class=\"wp-block-button\"><a class=\"wp-block-button__link has-primary-background-color has-background wp-element-button\" href=\"https:\/\/www.univision.com\/local\/miami-wltv\/es-muy-dificil-tomar-casos-de-mala-practica-porque-los-medicos-no-tienen-seguro-dijo-un-abogado\">Ver el v\u00eddeo<\/a><\/div>\n<\/div>\n<\/div>\n<\/div>\n<\/div>\n<\/div>\n<\/section>\n<\/div>","protected":false},"excerpt":{"rendered":"<p>Percy Martinez en los medios de comunicaci\u00f3n Una voz reconocida a nivel nacional en la seguridad del paciente y la negligencia m\u00e9dica, el abogado Percy Mart\u00ednez comparte ideas pr\u00e1cticas con los periodistas y el p\u00fablico a trav\u00e9s de la televisi\u00f3n, la radio y las plataformas digitales. Destacado: Percy Martinez Abogado Hemos sido destacados aqu\u00ed: Episodios destacados 60 Minutes - Entrevista a Percy Martinez Stephen Kroft [...]<\/p>","protected":false},"author":2,"featured_media":0,"parent":0,"menu_order":0,"comment_status":"closed","ping_status":"closed","template":"page-no-title","meta":{"_seopress_robots_primary_cat":"","_seopress_titles_title":"Recent news and media featuring Percy Martinez","_seopress_titles_desc":"","_seopress_robots_index":"","footnotes":""},"class_list":["post-69","page","type-page","status-publish","hentry"],"_links":{"self":[{"href":"https:\/\/percymartinezlaw.com\/es\/wp-json\/wp\/v2\/pages\/69","targetHints":{"allow":["GET"]}}],"collection":[{"href":"https:\/\/percymartinezlaw.com\/es\/wp-json\/wp\/v2\/pages"}],"about":[{"href":"https:\/\/percymartinezlaw.com\/es\/wp-json\/wp\/v2\/types\/page"}],"author":[{"embeddable":true,"href":"https:\/\/percymartinezlaw.com\/es\/wp-json\/wp\/v2\/users\/2"}],"replies":[{"embeddable":true,"href":"https:\/\/percymartinezlaw.com\/es\/wp-json\/wp\/v2\/comments?post=69"}],"version-history":[{"count":0,"href":"https:\/\/percymartinezlaw.com\/es\/wp-json\/wp\/v2\/pages\/69\/revisions"}],"wp:attachment":[{"href":"https:\/\/percymartinezlaw.com\/es\/wp-json\/wp\/v2\/media?parent=69"}],"curies":[{"name":"wp","href":"https:\/\/api.w.org\/{rel}","templated":true}]}}