{"id":58,"date":"2025-07-04T20:25:56","date_gmt":"2025-07-04T20:25:56","guid":{"rendered":"https:\/\/percymartinezlaw.com\/?page_id=58"},"modified":"2026-01-14T14:45:58","modified_gmt":"2026-01-14T14:45:58","slug":"acerca-de","status":"publish","type":"page","link":"https:\/\/percymartinezlaw.com\/es\/acerca-de\/","title":{"rendered":"Acerca de"},"content":{"rendered":"<section class=\"wp-block-group alignfull has-tertiary-background-color has-background has-global-padding is-layout-constrained wp-container-core-group-is-layout-8aea5c0f wp-block-group-is-layout-constrained\" style=\"margin-top:0;margin-bottom:0;padding-top:var(--wp--preset--spacing--xx-large);padding-right:var(--wp--preset--spacing--medium);padding-bottom:var(--wp--preset--spacing--xx-large);padding-left:var(--wp--preset--spacing--medium)\">\n<div class=\"wp-block-columns alignwide is-layout-flex wp-container-core-columns-is-layout-5016e1a0 wp-block-columns-is-layout-flex\">\n<div class=\"wp-block-column is-vertically-aligned-stretch is-layout-flow wp-block-column-is-layout-flow\" style=\"flex-basis:33%\">\n<div class=\"wp-block-group alignwide is-vertical is-layout-flex wp-container-core-group-is-layout-0bc941e6 wp-block-group-is-layout-flex\" style=\"min-height:100%\">\n<div class=\"wp-block-group alignwide ollie-row-stack is-vertical is-layout-flex wp-container-core-group-is-layout-7aa4b7fc wp-block-group-is-layout-flex\">\n<p class=\"has-primary-color has-text-color has-link-color has-x-small-font-size wp-elements-744a7a0c1ecb640248998385dfa171f0\" style=\"font-style:normal;font-weight:600;text-transform:uppercase\">Abogado en ejercicio desde 1993<\/p>\n\n\n\n<h2 class=\"wp-block-heading\">Percy Martinez Esq.<\/h2>\n\n\n\n<p>Comenc\u00e9 mi carrera hace m\u00e1s de 35 a\u00f1os con la difunta Fiscal General de los Estados Unidos, Janet Reno. Lo que distingue mi carrera es una ferviente defensa de los derechos de mis clientes y una s\u00f3lida tasa de \u00e9xito.<\/p>\n<\/div>\n\n\n\n<div class=\"wp-block-buttons is-layout-flex wp-block-buttons-is-layout-flex\">\n<div class=\"wp-block-button\"><a class=\"wp-block-button__link has-primary-background-color has-background wp-element-button\" href=\"https:\/\/percymartinezlaw.com\/es\/percy-martinez-esq-abogado-certificado-en-juicios-civiles-abogado-certificado-en-negligencias-medicas\/\">Ver biograf\u00eda completa<\/a><\/div>\n<\/div>\n<\/div>\n<\/div>\n\n\n\n<div class=\"wp-block-column is-layout-flow wp-block-column-is-layout-flow\">\n<div class=\"wp-block-cover\" style=\"border-radius:5px;min-height:600px;aspect-ratio:unset;\"><img alt=\"\" loading=\"lazy\" decoding=\"async\" width=\"554\" height=\"536\" class=\"wp-block-cover__image-background wp-image-546 size-full\" src=\"https:\/\/percymartinezlaw.com\/wp-content\/uploads\/2025\/07\/percy-martinez-on-fox-news-giving-an-interview-3.webp\" data-object-fit=\"cover\" srcset=\"https:\/\/percymartinezlaw.com\/wp-content\/uploads\/2025\/07\/percy-martinez-on-fox-news-giving-an-interview-3.webp 554w, https:\/\/percymartinezlaw.com\/wp-content\/uploads\/2025\/07\/percy-martinez-on-fox-news-giving-an-interview-3-300x290.webp 300w\" sizes=\"auto, (max-width: 554px) 100vw, 554px\" \/><span aria-hidden=\"true\" class=\"wp-block-cover__background has-background-dim-0 has-background-dim\" style=\"background-color:#d8b7b0\"><\/span><div class=\"wp-block-cover__inner-container is-layout-flow wp-block-cover-is-layout-flow\">\n<p class=\"has-text-align-center\"><\/p>\n<\/div><\/div>\n<\/div>\n<\/div>\n<\/section>\n\n\n\n<section class=\"wp-block-group alignfull has-global-padding is-layout-constrained wp-container-core-group-is-layout-8aea5c0f wp-block-group-is-layout-constrained\" style=\"margin-top:0;margin-bottom:0;padding-top:var(--wp--preset--spacing--xx-large);padding-right:var(--wp--preset--spacing--medium);padding-bottom:var(--wp--preset--spacing--xx-large);padding-left:var(--wp--preset--spacing--medium)\">\n<div class=\"wp-block-columns alignwide is-layout-flex wp-container-core-columns-is-layout-250227d7 wp-block-columns-is-layout-flex\">\n<div class=\"wp-block-column is-layout-flow wp-block-column-is-layout-flow\" style=\"flex-basis:23%\">\n<div class=\"wp-block-group has-global-padding is-layout-constrained wp-container-core-group-is-layout-beb92cee wp-block-group-is-layout-constrained wp-container-1 is-position-sticky\" style=\"margin-top:5px\">\n<h2 class=\"wp-block-heading\">Mi experiencia<\/h2>\n<\/div>\n<\/div>\n\n\n\n<div class=\"wp-block-column is-layout-flow wp-container-core-column-is-layout-1687fb2a wp-block-column-is-layout-flow\" style=\"flex-basis:77%\">\n<div class=\"wp-block-group alignwide is-layout-flow wp-block-group-is-layout-flow\">\n<div class=\"wp-block-group alignwide ollie-row-stack is-content-justification-space-between is-nowrap is-layout-flex wp-container-core-group-is-layout-4e2e7437 wp-block-group-is-layout-flex\">\n<div class=\"wp-block-group alignwide wp-container-content-9e2f13cb is-vertical is-content-justification-left is-layout-flex wp-container-core-group-is-layout-32091062 wp-block-group-is-layout-flex\">\n<p><strong>Universidad de Miami<\/strong><\/p>\n\n\n\n<p class=\"has-secondary-color has-text-color has-link-color wp-elements-f55cb22841f3b3f469437f3592b7919c\">Coral Gables - Florida<\/p>\n<\/div>\n\n\n\n<p class=\"has-secondary-color has-text-color has-link-color wp-elements-8c0c03fea3f985a86329b4fc30b3a30e\">1989<\/p>\n\n\n\n<p><\/p>\n<\/div>\n<\/div>\n\n\n\n<hr class=\"wp-block-separator has-text-color has-border-light-color has-alpha-channel-opacity has-border-light-background-color has-background is-style-separator-thin\"\/>\n\n\n\n<div class=\"wp-block-group alignwide is-layout-flow wp-block-group-is-layout-flow\">\n<div class=\"wp-block-group alignwide ollie-row-stack is-content-justification-space-between is-nowrap is-layout-flex wp-container-core-group-is-layout-4e2e7437 wp-block-group-is-layout-flex\">\n<div class=\"wp-block-group alignwide wp-container-content-9e2f13cb is-vertical is-content-justification-left is-layout-flex wp-container-core-group-is-layout-32091062 wp-block-group-is-layout-flex\">\n<p><strong>Facultad de Derecho de la Universidad Estatal de Florida<\/strong><\/p>\n\n\n\n<p class=\"has-secondary-color has-text-color has-link-color wp-elements-36d4b4e8efeea10deaf210a705eebf39\">Florida<\/p>\n<\/div>\n\n\n\n<p class=\"has-secondary-color has-text-color has-link-color wp-elements-2977c995caabc4f35c98b1f89396ebd4\">1993<\/p>\n\n\n\n<p><\/p>\n<\/div>\n<\/div>\n\n\n\n<hr class=\"wp-block-separator has-text-color has-border-light-color has-alpha-channel-opacity has-border-light-background-color has-background is-style-separator-thin\"\/>\n\n\n\n<div class=\"wp-block-group alignwide is-layout-flow wp-block-group-is-layout-flow\">\n<div class=\"wp-block-group alignwide ollie-row-stack is-content-justification-space-between is-nowrap is-layout-flex wp-container-core-group-is-layout-4e2e7437 wp-block-group-is-layout-flex\">\n<div class=\"wp-block-group alignwide wp-container-content-9e2f13cb is-vertical is-content-justification-left is-layout-flex wp-container-core-group-is-layout-32091062 wp-block-group-is-layout-flex\">\n<p><strong>Colegiado en el Colegio de Abogados<\/strong><\/p>\n\n\n\n<p class=\"has-secondary-color has-text-color has-link-color wp-elements-36d4b4e8efeea10deaf210a705eebf39\">Florida<\/p>\n<\/div>\n\n\n\n<p class=\"has-secondary-color has-text-color has-link-color wp-elements-d37d4d929d7db2a71928c920acd65659\">1997<\/p>\n\n\n\n<p><\/p>\n<\/div>\n<\/div>\n<\/div>\n<\/div>\n<\/section>\n\n\n\n<section class=\"wp-block-group alignfull has-tertiary-background-color has-background has-global-padding is-layout-constrained wp-container-core-group-is-layout-39cf0ef0 wp-block-group-is-layout-constrained\" style=\"margin-top:0;margin-bottom:0;padding-top:var(--wp--preset--spacing--xx-large);padding-right:var(--wp--preset--spacing--medium);padding-bottom:var(--wp--preset--spacing--xx-large);padding-left:var(--wp--preset--spacing--medium)\">\n<div class=\"wp-block-columns alignwide is-layout-flex wp-container-core-columns-is-layout-28f84493 wp-block-columns-is-layout-flex\">\n<div class=\"wp-block-column is-layout-flow wp-block-column-is-layout-flow\" style=\"flex-basis:23%\">\n<h2 class=\"wp-block-heading has-medium-font-size\">Nuestra misi\u00f3n<\/h2>\n<\/div>\n\n\n\n<div class=\"wp-block-column is-layout-flow wp-block-column-is-layout-flow\" style=\"flex-basis:77%\">\n<div class=\"wp-block-columns is-layout-flex wp-container-core-columns-is-layout-28f84493 wp-block-columns-is-layout-flex\">\n<div class=\"wp-block-column is-layout-flow wp-container-core-column-is-layout-c7b3064f wp-block-column-is-layout-flow\">\n<p class=\"has-secondary-color has-text-color has-link-color has-x-small-font-size wp-elements-fc5a88f62ab46911e88ae3e96cb27ff3\" style=\"font-style:normal;font-weight:600;text-transform:uppercase\"><mark style=\"background-color:rgba(0, 0, 0, 0)\" class=\"has-inline-color has-primary-color\">Sus derechos, mi experiencia, nuestro \u00e9xito<\/mark><\/p>\n\n\n\n<p class=\"has-secondary-color has-text-color has-link-color wp-elements-5c0367a24a6d7a73c56fd41677b8c68c\">Mi objetivo es siempre tener \u00e9xito y ganar su caso mediante el aprovechamiento de sus derechos en virtud de la ley junto con mi vasta experiencia para lograr un premio monetario considerable a trav\u00e9s de un juicio o acuerdo. Paso la mayor parte de mis horas de vigilia planificando, elaborando estrategias y ejecutando un plan exitoso para cada caso que toma nuestra oficina. He representado a clientes en casos legales complejos a nivel nacional en tribunales estatales y federales de Florida.<\/p>\n<\/div>\n\n\n\n<div class=\"wp-block-column is-layout-flow wp-container-core-column-is-layout-c7b3064f wp-block-column-is-layout-flow\">\n<p class=\"has-secondary-color has-text-color has-link-color has-x-small-font-size wp-elements-65dbdec3bebff2981682cc1489f5d504\" style=\"font-style:normal;font-weight:600;text-transform:uppercase\"><mark style=\"background-color:rgba(0, 0, 0, 0)\" class=\"has-inline-color has-primary-color\">Lucha contra la negligencia y las p\u00e9rdidas<\/mark><\/p>\n\n\n\n<p class=\"has-secondary-color has-text-color has-link-color wp-elements-5086585fbe2e7a048de1c25d18ae9fbf\">Las v\u00edctimas de negligencias y los familiares que soportan la carga de perder a un ser querido son los m\u00e1s importantes ante la ley. Las lesiones graves y la muerte pueden tener un impacto emocional y financiero devastador. En la mayor\u00eda de los casos, enfrentarse a un m\u00e9dico, una empresa multinacional o una compa\u00f1\u00eda de seguros puede ser una tarea desalentadora con sus recursos y equipos de abogados aparentemente ilimitados. Esta misi\u00f3n impulsa a los abogados de mi bufete a luchar por sus derechos todos los d\u00edas.<\/p>\n<\/div>\n<\/div>\n\n\n\n<div class=\"wp-block-columns is-layout-flex wp-container-core-columns-is-layout-28f84493 wp-block-columns-is-layout-flex\">\n<div class=\"wp-block-column is-layout-flow wp-container-core-column-is-layout-c7b3064f wp-block-column-is-layout-flow\">\n<p class=\"has-secondary-color has-text-color has-link-color has-x-small-font-size wp-elements-d12af8245c45b2128a690fbfccecff5f\" style=\"font-style:normal;font-weight:600;text-transform:uppercase\"><mark style=\"background-color:rgba(0, 0, 0, 0)\" class=\"has-inline-color has-primary-color\">Defensa personalizada para lograr el m\u00e1ximo impacto<\/mark><\/p>\n\n\n\n<p class=\"has-secondary-color has-text-color has-link-color wp-elements-4b192ddc1e62df66f41ea4f2686c2971\">A diferencia de muchas empresas de negligencia m\u00e9dica, no tomamos miles de casos al a\u00f1o. Somos selectivos en la elecci\u00f3n de los casos que tienen m\u00e9rito y donde podemos hacer una gran diferencia para la familia o v\u00edctima de accidente, negligencia o mala praxis. Si seleccionamos defender su caso, puede estar seguro de que ser\u00e1 tratado con la m\u00e1xima atenci\u00f3n al detalle y cuidado para maximizar la posibilidad de \u00e9xito.<\/p>\n<\/div>\n\n\n\n<div class=\"wp-block-column is-layout-flow wp-container-core-column-is-layout-c7b3064f wp-block-column-is-layout-flow\">\n<p class=\"has-secondary-color has-text-color has-link-color has-x-small-font-size wp-elements-513202c87bd92943d3bbe4170e002dc0\" style=\"font-style:normal;font-weight:600;text-transform:uppercase\"><mark style=\"background-color:rgba(0, 0, 0, 0)\" class=\"has-inline-color has-primary-color\">Estamos aqu\u00ed para ayudar<\/mark><\/p>\n\n\n\n<p class=\"has-secondary-color has-text-color has-link-color wp-elements-614da888fa22e4cabf297bfd448be430\">Siempre habr\u00e1 alguien disponible para hablar con usted sobre su caso y cualquier preocupaci\u00f3n que pueda tener. Hemos representado con \u00e9xito a clientes de negligencia y mala praxis con premios monetarios multimillonarios y utilizaremos toda nuestra experiencia combinada en su nombre.<\/p>\n<\/div>\n<\/div>\n<\/div>\n<\/div>\n<\/section>\n\n\n\n<section class=\"wp-block-group alignfull has-primary-accent-background-color has-background has-global-padding is-layout-constrained wp-container-core-group-is-layout-a9612a52 wp-block-group-is-layout-constrained\" style=\"margin-top:0;margin-bottom:0;padding-top:var(--wp--preset--spacing--large);padding-right:var(--wp--preset--spacing--medium);padding-bottom:var(--wp--preset--spacing--large);padding-left:var(--wp--preset--spacing--medium)\">\n<h2 class=\"wp-block-heading has-text-align-center\">Galer\u00eda de im\u00e1genes<\/h2>\n\n\n\n<div class=\"wp-block-columns alignwide is-layout-flex wp-container-core-columns-is-layout-28f84493 wp-block-columns-is-layout-flex\">\n<div class=\"wp-block-column is-layout-flow wp-block-column-is-layout-flow\">\n<figure class=\"wp-block-gallery has-nested-images columns-default is-cropped wp-block-gallery-2 is-layout-flex wp-block-gallery-is-layout-flex\">\n<figure class=\"wp-block-image size-large\"><img alt=\"\" loading=\"lazy\" decoding=\"async\" width=\"500\" height=\"500\" data-id=\"539\" src=\"https:\/\/percymartinezlaw.com\/wp-content\/uploads\/2025\/07\/percy-with-reveren-1.webp\" class=\"wp-image-539\" srcset=\"https:\/\/percymartinezlaw.com\/wp-content\/uploads\/2025\/07\/percy-with-reveren-1.webp 500w, https:\/\/percymartinezlaw.com\/wp-content\/uploads\/2025\/07\/percy-with-reveren-1-300x300.webp 300w, https:\/\/percymartinezlaw.com\/wp-content\/uploads\/2025\/07\/percy-with-reveren-1-150x150.webp 150w\" sizes=\"auto, (max-width: 500px) 100vw, 500px\" \/><\/figure>\n\n\n\n<figure class=\"wp-block-image size-large\"><img alt=\"\" loading=\"lazy\" decoding=\"async\" width=\"500\" height=\"500\" data-id=\"540\" src=\"https:\/\/percymartinezlaw.com\/wp-content\/uploads\/2025\/07\/percy-martinez-interview-2-2.webp\" class=\"wp-image-540\" srcset=\"https:\/\/percymartinezlaw.com\/wp-content\/uploads\/2025\/07\/percy-martinez-interview-2-2.webp 500w, https:\/\/percymartinezlaw.com\/wp-content\/uploads\/2025\/07\/percy-martinez-interview-2-2-300x300.webp 300w, https:\/\/percymartinezlaw.com\/wp-content\/uploads\/2025\/07\/percy-martinez-interview-2-2-150x150.webp 150w\" sizes=\"auto, (max-width: 500px) 100vw, 500px\" \/><\/figure>\n\n\n\n<figure class=\"wp-block-image size-large\"><img alt=\"\" loading=\"lazy\" decoding=\"async\" width=\"500\" height=\"500\" data-id=\"541\" src=\"https:\/\/percymartinezlaw.com\/wp-content\/uploads\/2025\/07\/percy-with-john-voight-during-the-presidental-ball-1.webp\" class=\"wp-image-541\" srcset=\"https:\/\/percymartinezlaw.com\/wp-content\/uploads\/2025\/07\/percy-with-john-voight-during-the-presidental-ball-1.webp 500w, https:\/\/percymartinezlaw.com\/wp-content\/uploads\/2025\/07\/percy-with-john-voight-during-the-presidental-ball-1-300x300.webp 300w, https:\/\/percymartinezlaw.com\/wp-content\/uploads\/2025\/07\/percy-with-john-voight-during-the-presidental-ball-1-150x150.webp 150w\" sizes=\"auto, (max-width: 500px) 100vw, 500px\" \/><\/figure>\n\n\n\n<figure class=\"wp-block-image size-large\"><img alt=\"\" loading=\"lazy\" decoding=\"async\" width=\"500\" height=\"500\" data-id=\"542\" src=\"https:\/\/percymartinezlaw.com\/wp-content\/uploads\/2025\/07\/Percy-martinez-reeling-a-fish.webp\" class=\"wp-image-542\" srcset=\"https:\/\/percymartinezlaw.com\/wp-content\/uploads\/2025\/07\/Percy-martinez-reeling-a-fish.webp 500w, https:\/\/percymartinezlaw.com\/wp-content\/uploads\/2025\/07\/Percy-martinez-reeling-a-fish-300x300.webp 300w, https:\/\/percymartinezlaw.com\/wp-content\/uploads\/2025\/07\/Percy-martinez-reeling-a-fish-150x150.webp 150w\" sizes=\"auto, (max-width: 500px) 100vw, 500px\" \/><\/figure>\n\n\n\n<figure class=\"wp-block-image size-large\"><img alt=\"\" loading=\"lazy\" decoding=\"async\" width=\"500\" height=\"500\" data-id=\"543\" src=\"https:\/\/percymartinezlaw.com\/wp-content\/uploads\/2025\/07\/law-firm-business-bash.webp\" class=\"wp-image-543\" srcset=\"https:\/\/percymartinezlaw.com\/wp-content\/uploads\/2025\/07\/law-firm-business-bash.webp 500w, https:\/\/percymartinezlaw.com\/wp-content\/uploads\/2025\/07\/law-firm-business-bash-300x300.webp 300w, https:\/\/percymartinezlaw.com\/wp-content\/uploads\/2025\/07\/law-firm-business-bash-150x150.webp 150w\" sizes=\"auto, (max-width: 500px) 100vw, 500px\" \/><\/figure>\n\n\n\n<figure class=\"wp-block-image size-large\"><img alt=\"\" loading=\"lazy\" decoding=\"async\" width=\"500\" height=\"500\" data-id=\"544\" src=\"https:\/\/percymartinezlaw.com\/wp-content\/uploads\/2025\/07\/percy-with-a-wrongful-death-client.webp\" class=\"wp-image-544\" srcset=\"https:\/\/percymartinezlaw.com\/wp-content\/uploads\/2025\/07\/percy-with-a-wrongful-death-client.webp 500w, https:\/\/percymartinezlaw.com\/wp-content\/uploads\/2025\/07\/percy-with-a-wrongful-death-client-300x300.webp 300w, https:\/\/percymartinezlaw.com\/wp-content\/uploads\/2025\/07\/percy-with-a-wrongful-death-client-150x150.webp 150w\" sizes=\"auto, (max-width: 500px) 100vw, 500px\" \/><\/figure>\n\n\n\n<figure class=\"wp-block-image size-large\"><img alt=\"\" loading=\"lazy\" decoding=\"async\" width=\"500\" height=\"500\" data-id=\"545\" src=\"https:\/\/percymartinezlaw.com\/wp-content\/uploads\/2025\/07\/client-party-bash.webp\" class=\"wp-image-545\" srcset=\"https:\/\/percymartinezlaw.com\/wp-content\/uploads\/2025\/07\/client-party-bash.webp 500w, https:\/\/percymartinezlaw.com\/wp-content\/uploads\/2025\/07\/client-party-bash-300x300.webp 300w, https:\/\/percymartinezlaw.com\/wp-content\/uploads\/2025\/07\/client-party-bash-150x150.webp 150w\" sizes=\"auto, (max-width: 500px) 100vw, 500px\" \/><\/figure>\n\n\n\n<figure class=\"wp-block-image size-large\"><img alt=\"\" loading=\"lazy\" decoding=\"async\" width=\"554\" height=\"536\" data-id=\"546\" src=\"https:\/\/percymartinezlaw.com\/wp-content\/uploads\/2025\/07\/percy-martinez-on-fox-news-giving-an-interview-3.webp\" class=\"wp-image-546\" srcset=\"https:\/\/percymartinezlaw.com\/wp-content\/uploads\/2025\/07\/percy-martinez-on-fox-news-giving-an-interview-3.webp 554w, https:\/\/percymartinezlaw.com\/wp-content\/uploads\/2025\/07\/percy-martinez-on-fox-news-giving-an-interview-3-300x290.webp 300w\" sizes=\"auto, (max-width: 554px) 100vw, 554px\" \/><\/figure>\n\n\n\n<figure class=\"wp-block-image size-large\"><img alt=\"\" loading=\"lazy\" decoding=\"async\" width=\"554\" height=\"556\" data-id=\"547\" src=\"https:\/\/percymartinezlaw.com\/wp-content\/uploads\/2025\/07\/office-percy-martinez.png\" class=\"wp-image-547\" srcset=\"https:\/\/percymartinezlaw.com\/wp-content\/uploads\/2025\/07\/office-percy-martinez.png 554w, https:\/\/percymartinezlaw.com\/wp-content\/uploads\/2025\/07\/office-percy-martinez-300x300.png 300w, https:\/\/percymartinezlaw.com\/wp-content\/uploads\/2025\/07\/office-percy-martinez-150x150.png 150w\" sizes=\"auto, (max-width: 554px) 100vw, 554px\" \/><\/figure>\n<\/figure>\n<\/div>\n<\/div>\n<\/section>\n\n\n\n<div class=\"wp-block-cover alignfull has-parallax has-custom-content-position is-position-bottom-center\" style=\"margin-top:0;margin-bottom:0;padding-top:var(--wp--preset--spacing--xx-large);padding-right:0;padding-bottom:var(--wp--preset--spacing--xx-large);padding-left:0;min-height:750px;aspect-ratio:unset;\"><div class=\"wp-block-cover__image-background wp-image-336 size-large has-parallax\" style=\"background-position:50% 50%;background-image:url(https:\/\/percymartinezlaw.com\/wp-content\/uploads\/2025\/07\/Generations-of-Joy-in-the-Sun-1024x683.webp)\"><\/div><span aria-hidden=\"true\" class=\"wp-block-cover__background has-main-background-color has-background-dim-0 has-background-dim\"><\/span><div class=\"wp-block-cover__inner-container is-layout-flow wp-block-cover-is-layout-flow\">\n<section class=\"wp-block-group alignfull has-global-padding is-content-justification-center is-layout-constrained wp-container-core-group-is-layout-269b9ca1 wp-block-group-is-layout-constrained\" style=\"margin-top:0;margin-bottom:0;padding-top:0;padding-right:var(--wp--preset--spacing--medium);padding-bottom:0;padding-left:var(--wp--preset--spacing--medium)\">\n<div class=\"wp-block-group alignwide has-global-padding is-content-justification-left is-layout-constrained wp-container-core-group-is-layout-12dd3699 wp-block-group-is-layout-constrained\">\n<div class=\"wp-block-group is-style-background-blur has-main-background-color has-background has-global-padding is-layout-constrained wp-container-core-group-is-layout-f1768a71 wp-block-group-is-layout-constrained\" style=\"border-radius:5px;padding-top:var(--wp--preset--spacing--medium);padding-right:var(--wp--preset--spacing--medium);padding-bottom:var(--wp--preset--spacing--medium);padding-left:var(--wp--preset--spacing--medium)\">\n<h2 class=\"wp-block-heading has-medium-font-size\">Nuestro equipo jur\u00eddico que lucha por las familias.<\/h2>\n\n\n\n<p>Si est\u00e1 listo para responsabilizar a los proveedores negligentes, vea c\u00f3mo nuestros abogados y expertos m\u00e9dicos pueden ayudarle.<\/p>\n\n\n\n<div class=\"wp-block-buttons is-layout-flex wp-block-buttons-is-layout-flex\" style=\"margin-top:var(--wp--preset--spacing--medium)\">\n<div class=\"wp-block-button\"><a class=\"wp-block-button__link has-primary-background-color has-background wp-element-button\" href=\"https:\/\/percymartinezlaw.com\/es\/contacto\/\">Evaluaci\u00f3n gratuita de su caso<\/a><\/div>\n<\/div>\n<\/div>\n<\/div>\n<\/section>\n<\/div><\/div>","protected":false},"excerpt":{"rendered":"<p>Practicing Law since 1993 Percy Martinez Esq. I began my career over 35 years ago with the late Attorney General of the United States, Janet Reno. What distinguishes my career is a fervent advocacy for my clients\u2019 rights and a robust success rate. My Experience University of Miami Coral Gables &#8211; Florida 1989 Florida State [&hellip;]<\/p>","protected":false},"author":2,"featured_media":0,"parent":0,"menu_order":0,"comment_status":"closed","ping_status":"closed","template":"page-no-title","meta":{"_seopress_robots_primary_cat":"","_seopress_titles_title":"Meet Our Medical Malpractice Team | Florida","_seopress_titles_desc":"","_seopress_robots_index":"","footnotes":""},"class_list":["post-58","page","type-page","status-publish","hentry"],"_links":{"self":[{"href":"https:\/\/percymartinezlaw.com\/es\/wp-json\/wp\/v2\/pages\/58","targetHints":{"allow":["GET"]}}],"collection":[{"href":"https:\/\/percymartinezlaw.com\/es\/wp-json\/wp\/v2\/pages"}],"about":[{"href":"https:\/\/percymartinezlaw.com\/es\/wp-json\/wp\/v2\/types\/page"}],"author":[{"embeddable":true,"href":"https:\/\/percymartinezlaw.com\/es\/wp-json\/wp\/v2\/users\/2"}],"replies":[{"embeddable":true,"href":"https:\/\/percymartinezlaw.com\/es\/wp-json\/wp\/v2\/comments?post=58"}],"version-history":[{"count":0,"href":"https:\/\/percymartinezlaw.com\/es\/wp-json\/wp\/v2\/pages\/58\/revisions"}],"wp:attachment":[{"href":"https:\/\/percymartinezlaw.com\/es\/wp-json\/wp\/v2\/media?parent=58"}],"curies":[{"name":"wp","href":"https:\/\/api.w.org\/{rel}","templated":true}]}}