{"id":511,"date":"2025-07-26T22:03:58","date_gmt":"2025-07-26T22:03:58","guid":{"rendered":"https:\/\/percymartinezlaw.com\/?page_id=511"},"modified":"2025-08-08T02:28:23","modified_gmt":"2025-08-08T02:28:23","slug":"condiciones-de-uso","status":"publish","type":"page","link":"https:\/\/percymartinezlaw.com\/es\/condiciones-de-uso\/","title":{"rendered":"CONDICIONES DE USO"},"content":{"rendered":"<p>1. EFECTO VINCULANTE. Este es un acuerdo vinculante entre usted y Percy Martinez Law Office (\"nosotros\", \"Compa\u00f1\u00eda\"). Al utilizar el sitio de Internet ubicado en https:\/\/percymartinezlaw.com (el \"Sitio\"), usted acepta cumplir con estas Condiciones de Uso. Si en alg\u00fan momento considera que estas Condiciones de Uso son inaceptables, deber\u00e1 abandonar inmediatamente el Sitio y dejar de utilizarlo.<\/p>\n\n\n\n<p>2. POL\u00cdTICA DE PRIVACIDAD. Respetamos su privacidad y le permitimos controlar el tratamiento de su informaci\u00f3n personal. Puede encontrar una declaraci\u00f3n completa de nuestra pol\u00edtica de privacidad actual haciendo clic aqu\u00ed. Nuestra pol\u00edtica de privacidad se incorpora expresamente a este Acuerdo mediante esta referencia.<\/p>\n\n\n\n<p>3. 3. LEGISLACI\u00d3N APLICABLE. Las presentes Condiciones de Uso se interpretar\u00e1n y regir\u00e1n de conformidad con la legislaci\u00f3n de Florida y de los Estados Unidos, sin referencia a normas relativas a conflictos de leyes. Este Sitio est\u00e1 destinado a ser utilizado por personas f\u00edsicas residentes en los Estados Unidos de Am\u00e9rica.<\/p>\n\n\n\n<p>4. EDAD M\u00cdNIMA. Usted debe tener al menos 18 a\u00f1os de edad para acceder y participar en este sitio. Usted garantiza que tiene al menos 18 a\u00f1os y que puede suscribir el presente Acuerdo desde una perspectiva legal.<\/p>\n\n\n\n<p>5. INSCRIPCIONES Y ENV\u00cdOS DE LIBROS ELECTR\u00d3NICOS. Usted tiene la opci\u00f3n, pero no la obligaci\u00f3n, de suscribirse y recibir un libro electr\u00f3nico gratuito de nosotros. Si lo hace, acepta recibir m\u00e1s correos electr\u00f3nicos de car\u00e1cter comercial.<\/p>\n\n\n\n<p>6. TIPOS DE MENSAJES Y COMUNICACIONES. Cuando se pone en contacto con nosotros, consiente y acepta expresamente recibir respuestas nuestras por correo electr\u00f3nico. Estas comunicaciones por correo electr\u00f3nico pueden ser de naturaleza comercial o no comercial. Los correos electr\u00f3nicos no comerciales pueden incluir, entre otras cosas, cuestiones administrativas y anuncios de cambios en las presentes Condiciones, la Pol\u00edtica de Privacidad u otra documentaci\u00f3n del sitio.<\/p>\n\n\n\n<p>A. Tipos de mensajes<br>Usted puede recibir los siguientes tipos de mensajes de Percy Martinez Law Office:<\/p>\n\n\n\n<ul class=\"wp-block-list\">\n<li>Mensajes informativos: Actualizaciones sobre su caso, recordatorios de citas y solicitudes de documentos.<\/li>\n\n\n\n<li>Mensajes de servicio: Notificaciones de seguridad de la cuenta y confirmaciones de transacciones<\/li>\n\n\n\n<li>Mensajes de marketing: Noticias sobre nuestros servicios, recursos jur\u00eddicos y contenidos educativos.<\/li>\n\n\n\n<li>Mensajes promocionales: Ofertas especiales e invitaciones a eventos<\/li>\n<\/ul>\n\n\n\n<p>B. Frecuencia de los mensajes<\/p>\n\n\n\n<ul class=\"wp-block-list\">\n<li>Mensajes informativos: Seg\u00fan sea necesario en funci\u00f3n del estado de su caso<\/li>\n\n\n\n<li>Mensajes de servicio: Seg\u00fan sea necesario para la seguridad de la cuenta y las transacciones<\/li>\n\n\n\n<li>Mensajes de marketing: Semanalmente<\/li>\n\n\n\n<li>Mensajes promocionales: Hasta dos veces al mes<\/li>\n<\/ul>\n\n\n\n<p>C. Tarifas de mensajes<br>PUEDEN APLICARSE TARIFAS DE MENSAJES Y DATOS. Es posible que su operador de telefon\u00eda m\u00f3vil aplique tarifas est\u00e1ndar de mensajes y datos a todos los mensajes de texto recibidos de Percy Martinez Law Office. P\u00f3ngase en contacto con su operador de telefon\u00eda m\u00f3vil para obtener m\u00e1s informaci\u00f3n sobre su plan de mensajer\u00eda y tarifas.<\/p>\n\n\n\n<p>Tambi\u00e9n puede optar por no recibir determinados tipos de comunicaciones:<\/p>\n\n\n\n<ol class=\"wp-block-list\">\n<li>Comunicaciones por correo electr\u00f3nico:<\/li>\n<\/ol>\n\n\n\n<ul class=\"wp-block-list\">\n<li>Haga clic en el enlace \"Cancelar suscripci\u00f3n\" de cualquier correo electr\u00f3nico<\/li>\n\n\n\n<li>Actualice sus preferencias en la configuraci\u00f3n de su cuenta<\/li>\n\n\n\n<li>P\u00f3ngase en contacto directamente con nuestro equipo de asistencia<\/li>\n<\/ul>\n\n\n\n<ol class=\"wp-block-list\">\n<li>Notificaciones Push:<\/li>\n<\/ol>\n\n\n\n<ul class=\"wp-block-list\">\n<li>Ajusta la configuraci\u00f3n de tu dispositivo<\/li>\n\n\n\n<li>Actualice sus preferencias en nuestra aplicaci\u00f3n m\u00f3vil<\/li>\n\n\n\n<li>Gestiona las notificaciones en la configuraci\u00f3n de tu cuenta<\/li>\n<\/ul>\n\n\n\n<p>E. Protecci\u00f3n de datos m\u00f3viles<br>Protegemos la informaci\u00f3n de su m\u00f3vil utilizando medidas de seguridad est\u00e1ndar del sector. No compartimos, vendemos, alquilamos ni revelamos de ning\u00fan otro modo su n\u00famero de m\u00f3vil o datos m\u00f3viles relacionados a terceros para sus fines de marketing. Su informaci\u00f3n m\u00f3vil se utiliza exclusivamente para:<\/p>\n\n\n\n<ol class=\"wp-block-list\">\n<li>Prestaci\u00f3n de servicios jur\u00eddicos<\/li>\n\n\n\n<li>Autenticaci\u00f3n de cuenta<\/li>\n\n\n\n<li>Comunicaciones autorizadas<\/li>\n\n\n\n<li>Prevenci\u00f3n del fraude<\/li>\n\n\n\n<li>Cumplimiento legal<\/li>\n<\/ol>\n\n\n\n<p>Al facilitar su n\u00famero de m\u00f3vil y dar su consentimiento para recibir mensajes, usted confirma que es el propietario o usuario principal del n\u00famero de m\u00f3vil facilitado y que tiene autoridad para dar su consentimiento para recibir mensajes en este n\u00famero.<\/p>\n\n\n\n<p>7. USO DE SOFTWARE. La Empresa puede poner a su disposici\u00f3n determinado software desde el Sitio. Si usted descarga software desde el Sitio, el software, incluyendo todos los archivos e im\u00e1genes contenidos en o generados por el software, y los datos que lo acompa\u00f1an (colectivamente, \"Software\") se consideran licenciados a usted por la Empresa, \u00fanicamente para su uso personal, no comercial y dom\u00e9stico. La Empresa no transfiere ni la titularidad ni los derechos de propiedad intelectual del Software, y la Empresa conserva la titularidad plena y completa del Software, as\u00ed como todos los derechos de propiedad intelectual del mismo. Queda prohibida la venta, redistribuci\u00f3n o reproducci\u00f3n del Software, as\u00ed como la descompilaci\u00f3n, ingenier\u00eda inversa, desensamblaje o cualquier otra conversi\u00f3n del Software a una forma perceptible por el ser humano. Todas las marcas comerciales y logotipos son propiedad de la Empresa o de sus licenciantes y usted no puede copiarlos ni utilizarlos de ninguna manera.<\/p>\n\n\n\n<p>8. 8. CONTENIDO DEL USUARIO. Al publicar, descargar, mostrar, ejecutar, transmitir o distribuir de cualquier otro modo informaci\u00f3n u otro contenido (\"Contenido del usuario\") en el sitio, usted concede a la Empresa, sus filiales, directivos, directores, empleados, consultores, agentes y representantes una licencia permanente y no exclusiva para utilizar el Contenido del usuario en relaci\u00f3n con el funcionamiento de los negocios en Internet de la Empresa, sus filiales, directivos, directores, empleados, consultores, agentes y representantes, incluido, entre otros, el derecho a copiar, distribuir, transmitir, mostrar p\u00fablicamente, ejecutar p\u00fablicamente, reproducir, editar, traducir y reformatear el Contenido del usuario. No se le compensar\u00e1 por ning\u00fan Contenido de Usuario. Usted acepta que la Empresa pueda publicar o divulgar de cualquier otro modo su nombre en relaci\u00f3n con su Contenido de Usuario. Al publicar Contenido del usuario en el sitio, usted garantiza y declara que posee los derechos del Contenido del usuario o que est\u00e1 autorizado a publicar, distribuir, mostrar, ejecutar, transmitir o distribuir de cualquier otra forma el Contenido del usuario.<\/p>\n\n\n\n<p>9. CUMPLIMIENTO DE LAS LEYES DE PROPIEDAD INTELECTUAL. Al acceder al sitio, usted se compromete a respetar los derechos de propiedad intelectual de terceros. Su uso del sitio se rige y est\u00e1 sujeto en todo momento a las leyes relativas a la titularidad de los derechos de autor y al uso de la propiedad intelectual. Usted se compromete a no cargar, descargar, mostrar, ejecutar, transmitir o distribuir de cualquier otro modo cualquier informaci\u00f3n o contenido (colectivamente, \"Contenido\") que viole los derechos de autor, marcas registradas u otros derechos de propiedad intelectual o de propiedad de terceros. Usted se compromete a respetar las leyes relativas a la titularidad de los derechos de autor y al uso de la propiedad intelectual, y ser\u00e1 el \u00fanico responsable de cualquier violaci\u00f3n de las leyes pertinentes y de cualquier infracci\u00f3n de los derechos de terceros causada por cualquier Contenido que usted proporcione o transmita, o que se proporcione o transmita utilizando su ID de usuario. La carga de la prueba de que cualquier Contenido no infringe ninguna ley o derecho de terceros recae exclusivamente en usted. Todos los asuntos relacionados con la Ley de Derechos de Autor del Milenio Digital se tramitan de conformidad con nuestra&nbsp;<a href=\"https:\/\/percymartinezlaw.com\/es\/politica-de-la-dmca\/\">Pol\u00edtica DMCA<\/a>al que puede acceder a trav\u00e9s del enlace DMCA situado al final de la p\u00e1gina.<\/p>\n\n\n\n<p>10. 10. CONTENIDO INAPROPIADO. Usted se compromete a no cargar, descargar, mostrar, ejecutar, transmitir o distribuir de cualquier otro modo ning\u00fan Contenido que (a) sea calumnioso, difamatorio, obsceno, pornogr\u00e1fico, abusivo o amenazador; (b) defienda o fomente conductas que puedan constituir un delito penal, dar lugar a responsabilidad civil o violar de cualquier otro modo cualquier ley o normativa local, estatal, nacional o extranjera aplicable; (c) anuncie o solicite de cualquier otro modo fondos o sea una solicitud de bienes o servicios; o (d) proporcione consejos m\u00e9dicos a otros usuarios. La empresa se reserva el derecho a poner fin a la recepci\u00f3n, transmisi\u00f3n o distribuci\u00f3n de cualquier material de este tipo a trav\u00e9s del sitio y, en su caso, a eliminar dicho material de sus servidores. La Empresa tiene la intenci\u00f3n de cooperar plenamente con los funcionarios o agencias encargados de hacer cumplir la ley en la investigaci\u00f3n de cualquier violaci\u00f3n de estos T\u00e9rminos o de cualquier ley aplicable.<\/p>\n\n\n\n<p>11. CUMPLIMIENTO DE LAS LEYES DE PROPIEDAD INTELECTUAL. Al acceder al Sitio, usted se compromete a cumplir la ley y a respetar los derechos de propiedad intelectual de terceros. Su uso del Sitio se rige y est\u00e1 sujeto en todo momento a las leyes relativas a la titularidad de los derechos de autor y al uso de la propiedad intelectual. Usted se compromete a no cargar, descargar, mostrar, ejecutar, transmitir o distribuir de cualquier otro modo cualquier informaci\u00f3n o contenido (colectivamente, \"Contenido\") que viole los derechos de autor, marcas registradas u otros derechos de propiedad intelectual o de propiedad de terceros. Usted se compromete a respetar las leyes relativas a la titularidad de los derechos de autor y al uso de la propiedad intelectual, y ser\u00e1 el \u00fanico responsable de cualquier violaci\u00f3n de las leyes pertinentes y de cualquier infracci\u00f3n de los derechos de terceros causada por cualquier Contenido que usted proporcione o transmita, o que se proporcione o transmita utilizando su cuenta. La carga de la prueba de que cualquier Contenido no infringe ninguna ley o derecho de terceros recae exclusivamente en usted.<\/p>\n\n\n\n<p>12. 12. AUSENCIA DE GARANT\u00cdAS. POR LA PRESENTE RENUNCIAMOS A TODAS LAS GARANT\u00cdAS. PONEMOS A SU DISPOSICI\u00d3N EL SITIO \"TAL CUAL\", SIN GARANT\u00cdA DE NING\u00daN TIPO. USTED ASUME EL RIESGO DE CUALQUIER DA\u00d1O O P\u00c9RDIDA DERIVADA DEL USO O DE LA IMPOSIBILIDAD DE USO DEL SITIO O DEL SERVICIO. EN LA MEDIDA M\u00c1XIMA PERMITIDA POR LA LEY, RENUNCIAMOS EXPRESAMENTE A TODAS LAS GARANT\u00cdAS, EXPRESAS O IMPL\u00cdCITAS, RELATIVAS AL SITIO, INCLUIDAS, ENTRE OTRAS, LAS GARANT\u00cdAS IMPL\u00cdCITAS DE COMERCIABILIDAD, IDONEIDAD PARA UN FIN DETERMINADO O NO INFRACCI\u00d3N. NO GARANTIZAMOS QUE EL SITIO O EL SERVICIO SATISFAGAN SUS NECESIDADES NI QUE EL FUNCIONAMIENTO DEL SITIO O DEL SERVICIO SEA ININTERRUMPIDO O EST\u00c9 LIBRE DE ERRORES.<\/p>\n\n\n\n<p>13. RESPONSABILIDAD LIMITADA. NUESTRA RESPONSABILIDAD HACIA USTED ES LIMITADA. EN LA MEDIDA M\u00c1XIMA PERMITIDA POR LA LEY, EN NING\u00daN CASO SEREMOS RESPONSABLES DE DA\u00d1OS DE NING\u00daN TIPO (INCLUIDOS, ENTRE OTROS, DA\u00d1OS ESPECIALES, INCIDENTALES O CONSECUENTES, LUCRO CESANTE O P\u00c9RDIDA DE DATOS, INDEPENDIENTEMENTE DE LA PREVISIBILIDAD DE DICHOS DA\u00d1OS) DERIVADOS O RELACIONADOS CON EL USO QUE USTED HAGA DEL SITIO O DE CUALQUIER OTRO MATERIAL O SERVICIO QUE NOSOTROS LE PROPORCIONEMOS. Esta limitaci\u00f3n se aplicar\u00e1 con independencia de que los da\u00f1os se deriven del incumplimiento de un contrato, de un agravio o de cualquier otra teor\u00eda legal o forma de acci\u00f3n.<\/p>\n\n\n\n<p>14. SITIOS AFILIADOS. No tenemos ning\u00fan control ni responsabilidad sobre los sitios web o materiales de terceros. Trabajamos con una serie de socios cuyos sitios de Internet pueden estar enlazados con el Sitio. Dado que no tenemos ning\u00fan control sobre el contenido y el funcionamiento de estos sitios asociados y afiliados, no ofrecemos ninguna garant\u00eda sobre la exactitud, actualidad, contenido o calidad de la informaci\u00f3n proporcionada por dichos sitios, y no asumimos ninguna responsabilidad por el contenido no deseado, objetable, inexacto, enga\u00f1oso o ilegal que pueda residir en dichos sitios. Del mismo modo, de vez en cuando en relaci\u00f3n con su uso del Sitio, usted puede tener acceso a elementos de contenido (incluyendo, pero no limitado a, sitios web) que son propiedad de terceros. Usted reconoce y acepta que no ofrecemos ninguna garant\u00eda ni asumimos ninguna responsabilidad por la exactitud, actualidad, contenido o calidad de estos contenidos de terceros y que, salvo que se disponga expresamente lo contrario, estas Condiciones de uso regir\u00e1n el uso que usted haga de todos y cada uno de los contenidos de terceros.<\/p>\n\n\n\n<p>15. USOS PROHIBIDOS. Imponemos ciertas restricciones al uso permitido del Sitio. Se le proh\u00edbe violar o intentar violar cualquier caracter\u00edstica de seguridad del Sitio, incluyendo, sin limitaci\u00f3n, (a) acceder a contenido o datos no destinados a usted, o iniciar sesi\u00f3n en un servidor o cuenta a los que no est\u00e9 autorizado a acceder; (b) intentar sondear, escanear o probar la vulnerabilidad del Sitio, o de cualquier sistema o red asociados, o violar las medidas de seguridad o autenticaci\u00f3n sin la debida autorizaci\u00f3n; (c) interferir o intentar interferir con el servicio a cualquier usuario, host o red, incluyendo, sin limitaci\u00f3n, mediante el env\u00edo de un virus al Sitio, sobrecarga, \"flooding\", \"spamming\", \"mail bombing\", \"crashing\" o instituir un ataque \"DDOS\" en el Sitio; (d) utilizar el Sitio para enviar correo electr\u00f3nico no solicitado, incluyendo, sin limitaci\u00f3n, promociones o anuncios de productos o servicios; (e) falsificar cualquier encabezado de paquete TCP\/IP o cualquier parte de la informaci\u00f3n de encabezado en cualquier correo electr\u00f3nico o en cualquier publicaci\u00f3n que utilice el Sitio; o (f) intentar modificar, realizar ingenier\u00eda inversa, descompilar, desensamblar o reducir o intentar reducir a una forma perceptible por el ser humano cualquiera de los c\u00f3digos fuente utilizados por nosotros para proporcionar el Sitio. Cualquier violaci\u00f3n de la seguridad del sistema o de la red puede exponerle a responsabilidades civiles y\/o penales.<\/p>\n\n\n\n<p>16. INDEMNIZACI\u00d3N. Usted acepta indemnizarnos por algunos de sus actos y omisiones. Usted se compromete a indemnizar, defender y mantener indemne a la Compa\u00f1\u00eda, sus afiliados, funcionarios, directores, empleados, consultores, agentes y representantes de cualquier y todas las reclamaciones de terceros, p\u00e9rdidas, responsabilidades, da\u00f1os y perjuicios, y \/ o costos (incluyendo honorarios razonables de abogados y costos) que surjan de su acceso o uso del Sitio, su violaci\u00f3n de estas Condiciones de Uso, o su infracci\u00f3n, o infracci\u00f3n por cualquier otro usuario de su cuenta, de cualquier propiedad intelectual u otro derecho de cualquier persona o entidad. Le notificaremos con prontitud cualquier reclamaci\u00f3n, p\u00e9rdida, responsabilidad o demanda de este tipo, y le proporcionaremos asistencia razonable, a su cargo, para defender cualquier reclamaci\u00f3n, p\u00e9rdida, responsabilidad, da\u00f1o o coste de este tipo.<\/p>\n\n\n\n<p>17. DERECHOS DE AUTOR. Todos los contenidos del Sitio o Servicio son: Copyright \u00a9 2025 https:\/\/percymartinezlaw.com<\/p>\n\n\n\n<p>18. DIVISIBILIDAD; RENUNCIA. Si, por cualquier motivo, un tribunal de jurisdicci\u00f3n competente considera que cualquier t\u00e9rmino o condici\u00f3n de estas Condiciones de uso no es aplicable, todos los dem\u00e1s t\u00e9rminos y condiciones permanecer\u00e1n inalterados y en pleno vigor y efecto. Ninguna renuncia al incumplimiento de cualquiera de las disposiciones de las presentes Condiciones de uso constituir\u00e1 una renuncia a cualquier incumplimiento anterior, simult\u00e1neo o posterior de las mismas o de cualesquiera otras disposiciones, y ninguna renuncia ser\u00e1 efectiva a menos que se haga por escrito y est\u00e9 firmada por un representante autorizado de la parte renunciante.<\/p>\n\n\n\n<p>19. 19. NO LICENCIA. Nada de lo contenido en el Sitio debe entenderse como una concesi\u00f3n de licencia para utilizar cualquiera de las marcas comerciales, marcas de servicio o logotipos de nuestra propiedad o de terceros.<\/p>\n\n\n\n<p>20. USO EXCLUSIVO EN ESTADOS UNIDOS. El Sitio est\u00e1 controlado y operado por la Empresa desde sus oficinas en el Estado de Florida. El dominio del sitio web est\u00e1 registrado en los Estados Unidos y el Sitio est\u00e1 alojado en los Estados Unidos. El p\u00fablico al que va dirigido este sitio est\u00e1 formado \u00fanicamente por personas de Estados Unidos. La empresa no garantiza que cualquiera de los materiales o servicios a los que se le ha dado acceso est\u00e9n disponibles o sean apropiados para su uso en otros lugares. El uso o acceso al sitio por parte de usted no debe interpretarse como que la empresa se acoge deliberadamente a los beneficios o privilegios de hacer negocios en cualquier estado o jurisdicci\u00f3n que no sea Florida y los Estados Unidos.<\/p>\n\n\n\n<p>21. 21. MODIFICACIONES. La Empresa se reserva el derecho a modificar las presentes Condiciones. En caso de que la Empresa intente realizar una modificaci\u00f3n de este tipo, que determinemos sustancial a nuestra entera discreci\u00f3n, deberemos:<\/p>\n\n\n\n<p>(a) Avisarle por correo electr\u00f3nico de dicho cambio 15 d\u00edas antes de su entrada en vigor, y<br>(b) Publicar en la p\u00e1gina de inicio el hecho de que se va a realizar una modificaci\u00f3n.<\/p>\n\n\n\n<p>En caso de que un tribunal de jurisdicci\u00f3n competente declare inv\u00e1lida esta cl\u00e1usula de Modificaci\u00f3n, esta cl\u00e1usula de Modificaci\u00f3n quedar\u00e1 sin efecto como parte de este acuerdo. Todas las modificaciones de las Condiciones tendr\u00e1n car\u00e1cter prospectivo.<\/p>","protected":false},"excerpt":{"rendered":"<p>1. EFECTO VINCULANTE. Este es un acuerdo vinculante entre usted y Percy Martinez Law Office (\"nosotros\", \"Compa\u00f1\u00eda\"). Al utilizar el sitio de Internet ubicado en https:\/\/percymartinezlaw.com (el \"Sitio\"), usted acepta cumplir con estas Condiciones de Uso. Si en alg\u00fan momento considera inaceptables estas Condiciones de Uso, deber\u00e1 abandonar inmediatamente el Sitio y [...]<\/p>","protected":false},"author":2,"featured_media":0,"parent":0,"menu_order":0,"comment_status":"closed","ping_status":"closed","template":"","meta":{"_seopress_robots_primary_cat":"","_seopress_titles_title":"","_seopress_titles_desc":"","_seopress_robots_index":"","footnotes":""},"class_list":["post-511","page","type-page","status-publish","hentry"],"_links":{"self":[{"href":"https:\/\/percymartinezlaw.com\/es\/wp-json\/wp\/v2\/pages\/511","targetHints":{"allow":["GET"]}}],"collection":[{"href":"https:\/\/percymartinezlaw.com\/es\/wp-json\/wp\/v2\/pages"}],"about":[{"href":"https:\/\/percymartinezlaw.com\/es\/wp-json\/wp\/v2\/types\/page"}],"author":[{"embeddable":true,"href":"https:\/\/percymartinezlaw.com\/es\/wp-json\/wp\/v2\/users\/2"}],"replies":[{"embeddable":true,"href":"https:\/\/percymartinezlaw.com\/es\/wp-json\/wp\/v2\/comments?post=511"}],"version-history":[{"count":0,"href":"https:\/\/percymartinezlaw.com\/es\/wp-json\/wp\/v2\/pages\/511\/revisions"}],"wp:attachment":[{"href":"https:\/\/percymartinezlaw.com\/es\/wp-json\/wp\/v2\/media?parent=511"}],"curies":[{"name":"wp","href":"https:\/\/api.w.org\/{rel}","templated":true}]}}