{"id":508,"date":"2025-07-26T22:02:39","date_gmt":"2025-07-26T22:02:39","guid":{"rendered":"https:\/\/percymartinezlaw.com\/?page_id=508"},"modified":"2025-08-08T02:28:09","modified_gmt":"2025-08-08T02:28:09","slug":"politica-de-la-dmca","status":"publish","type":"page","link":"https:\/\/percymartinezlaw.com\/es\/politica-de-la-dmca\/","title":{"rendered":"POL\u00cdTICA DMCA"},"content":{"rendered":"<p><strong>Pol\u00edtica de la Ley de Derechos de Autor del Milenio Digital<\/strong><br>Respetamos los derechos de propiedad intelectual de los dem\u00e1s del mismo modo que esperamos que los dem\u00e1s respeten los nuestros. De conformidad con la Ley de Derechos de Autor del Milenio Digital, T\u00edtulo 17 del C\u00f3digo de los Estados Unidos, Secci\u00f3n 512(c), un propietario de derechos de autor o su agente puede enviarnos una notificaci\u00f3n de retirada a trav\u00e9s de nuestro Agente DMCA que se indica a continuaci\u00f3n. Como proveedor de servicios de Internet, tenemos derecho a reclamar inmunidad frente a dichas reclamaciones por infracci\u00f3n en virtud de las disposiciones de \"puerto seguro\" de la DMCA. Para presentarnos una reclamaci\u00f3n por infracci\u00f3n de buena fe, debe enviarnos una notificaci\u00f3n que contenga la siguiente informaci\u00f3n:<\/p>\n\n\n\n<p><strong>Notificaci\u00f3n de infracci\u00f3n - Reclamaci\u00f3n<\/strong><\/p>\n\n\n\n<p>1. Una firma f\u00edsica o electr\u00f3nica del titular de los derechos de autor (o de alguien autorizado para actuar en nombre del titular);<br>2. Identificaci\u00f3n de la obra protegida por derechos de autor cuya infracci\u00f3n se alega;<br>3. Identificaci\u00f3n del material infractor que debe retirarse, e informaci\u00f3n razonablemente suficiente para permitir al proveedor de servicios localizar el material. [Env\u00ede la URL de la p\u00e1gina en cuesti\u00f3n para ayudarnos a identificar la obra presuntamente infractora];<br>4. Informaci\u00f3n razonablemente suficiente para permitir al proveedor de servicios ponerse en contacto con la parte reclamante, incluidos su nombre, direcci\u00f3n f\u00edsica, direcci\u00f3n de correo electr\u00f3nico, n\u00famero de tel\u00e9fono y n\u00famero de fax;<br>5. Una declaraci\u00f3n de que la parte reclamante cree de buena fe que el uso del material no est\u00e1 autorizado por el agente de derechos de autor; y<br>6. Una declaraci\u00f3n de que la informaci\u00f3n contenida en la notificaci\u00f3n es exacta y, bajo pena de perjurio, que la parte reclamante est\u00e1 autorizada a actuar en nombre del titular de los derechos de autor.<\/p>\n\n\n\n<p>El t\u00edtulo 17 USC \u00a7512(f) establece sanciones civiles por da\u00f1os y perjuicios, incluidas las costas y honorarios de abogados, contra cualquier persona que, a sabiendas y de forma material, tergiverse cierta informaci\u00f3n en una notificaci\u00f3n de infracci\u00f3n conforme al t\u00edtulo 17 USC \u00a7512(c)(3).<\/p>\n\n\n\n<p>Env\u00ede todos los avisos de retirada a trav\u00e9s de nuestra p\u00e1gina de Contacto. Por favor, env\u00edelo por correo electr\u00f3nico para una pronta atenci\u00f3n.<\/p>\n\n\n\n<p>Tenga en cuenta que podemos compartir la identidad y la informaci\u00f3n de cualquier reclamaci\u00f3n por infracci\u00f3n de derechos de autor que recibamos con el presunto infractor. Al enviar una reclamaci\u00f3n, usted acepta que su identidad y su reclamaci\u00f3n puedan ser comunicadas al presunto infractor.<\/p>\n\n\n\n<p><strong>Contranotificaci\u00f3n - Restauraci\u00f3n de material<\/strong><\/p>\n\n\n\n<p>Si ha recibido una notificaci\u00f3n de retirada de material debido a una reclamaci\u00f3n por infracci\u00f3n de derechos de autor, puede enviarnos una contranotificaci\u00f3n para intentar que el material en cuesti\u00f3n vuelva al sitio. Dicha notificaci\u00f3n deber\u00e1 entregarse por escrito a nuestro agente de la DMCA y deber\u00e1 contener sustancialmente los siguientes elementos, de conformidad con la secci\u00f3n 512(g)(3) del 17 USC:<\/p>\n\n\n\n<p>1. Su firma f\u00edsica o electr\u00f3nica.<br>2. Una descripci\u00f3n del material que se ha retirado y la ubicaci\u00f3n original del material antes de su retirada.<br>3. Una declaraci\u00f3n bajo pena de perjurio de que usted cree de buena fe que el material fue eliminado o inhabilitado como resultado de un error o una identificaci\u00f3n err\u00f3nea del material que debe ser eliminado o inhabilitado.<br>4. Su nombre, direcci\u00f3n y n\u00famero de tel\u00e9fono, y una declaraci\u00f3n de que acepta la jurisdicci\u00f3n del tribunal federal del distrito judicial en el que se encuentra la direcci\u00f3n (o si se encuentra fuera de Estados Unidos, que acepta la jurisdicci\u00f3n de cualquier distrito judicial en el que se encuentre el proveedor de servicios), y que aceptar\u00e1 la notificaci\u00f3n de la persona o empresa que proporcion\u00f3 la notificaci\u00f3n original de infracci\u00f3n.<br>5. Env\u00ede su contraaviso a trav\u00e9s de nuestra p\u00e1gina de Contacto. Se recomienda encarecidamente el correo electr\u00f3nico.<\/p>\n\n\n\n<p><strong>Pol\u00edtica de infractores reincidentes<\/strong><\/p>\n\n\n\n<p>Nos tomamos muy en serio las infracciones de los derechos de autor. De conformidad con los requisitos de la pol\u00edtica de infractores reincidentes de la Ley de Derechos de Autor del Milenio Digital, mantenemos una lista de notificaciones DMCA de los titulares de derechos de autor y hacemos un esfuerzo de buena fe para identificar a cualquier infractor reincidente. Las cuentas de los infractores reincidentes ser\u00e1n canceladas.<\/p>\n\n\n\n<p><strong>Modificaciones<\/strong><\/p>\n\n\n\n<p>Nos reservamos el derecho a modificar el contenido de esta p\u00e1gina y su pol\u00edtica de gesti\u00f3n de reclamaciones DMCA en cualquier momento y por cualquier motivo. Le recomendamos que revise esta pol\u00edtica con frecuencia para comprobar si se han producido cambios.<\/p>","protected":false},"excerpt":{"rendered":"<p>Pol\u00edtica de la Ley de Derechos de Autor del Milenio DigitalRespetamos los derechos de propiedad intelectual de los dem\u00e1s del mismo modo que esperamos que los dem\u00e1s respeten nuestros derechos. De conformidad con la Ley de Derechos de Autor del Milenio Digital, T\u00edtulo 17 del C\u00f3digo de los Estados Unidos, Secci\u00f3n 512(c), un propietario de derechos de autor o su agente puede enviarnos un aviso de retirada a trav\u00e9s de nuestro Agente DMCA que aparece a continuaci\u00f3n. Como [...]<\/p>","protected":false},"author":2,"featured_media":0,"parent":0,"menu_order":0,"comment_status":"closed","ping_status":"closed","template":"","meta":{"_seopress_robots_primary_cat":"","_seopress_titles_title":"","_seopress_titles_desc":"","_seopress_robots_index":"","footnotes":""},"class_list":["post-508","page","type-page","status-publish","hentry"],"_links":{"self":[{"href":"https:\/\/percymartinezlaw.com\/es\/wp-json\/wp\/v2\/pages\/508","targetHints":{"allow":["GET"]}}],"collection":[{"href":"https:\/\/percymartinezlaw.com\/es\/wp-json\/wp\/v2\/pages"}],"about":[{"href":"https:\/\/percymartinezlaw.com\/es\/wp-json\/wp\/v2\/types\/page"}],"author":[{"embeddable":true,"href":"https:\/\/percymartinezlaw.com\/es\/wp-json\/wp\/v2\/users\/2"}],"replies":[{"embeddable":true,"href":"https:\/\/percymartinezlaw.com\/es\/wp-json\/wp\/v2\/comments?post=508"}],"version-history":[{"count":0,"href":"https:\/\/percymartinezlaw.com\/es\/wp-json\/wp\/v2\/pages\/508\/revisions"}],"wp:attachment":[{"href":"https:\/\/percymartinezlaw.com\/es\/wp-json\/wp\/v2\/media?parent=508"}],"curies":[{"name":"wp","href":"https:\/\/api.w.org\/{rel}","templated":true}]}}